{"id":235,"date":"2024-12-18T19:22:09","date_gmt":"2024-12-18T18:22:09","guid":{"rendered":"https:\/\/ncsistelcorp.com\/?page_id=235"},"modified":"2025-01-30T20:15:12","modified_gmt":"2025-01-30T19:15:12","slug":"nosotros","status":"publish","type":"page","link":"https:\/\/ncsistelcorp.com\/?page_id=235","title":{"rendered":"Nosotros"},"content":{"rendered":"\t\t<div data-elementor-type=\"wp-page\" data-elementor-id=\"235\" class=\"elementor elementor-235\" data-elementor-settings=\"{&quot;element_pack_global_tooltip_width&quot;:{&quot;unit&quot;:&quot;px&quot;,&quot;size&quot;:&quot;&quot;,&quot;sizes&quot;:[]},&quot;element_pack_global_tooltip_width_tablet&quot;:{&quot;unit&quot;:&quot;px&quot;,&quot;size&quot;:&quot;&quot;,&quot;sizes&quot;:[]},&quot;element_pack_global_tooltip_width_mobile&quot;:{&quot;unit&quot;:&quot;px&quot;,&quot;size&quot;:&quot;&quot;,&quot;sizes&quot;:[]},&quot;element_pack_global_tooltip_padding&quot;:{&quot;unit&quot;:&quot;px&quot;,&quot;top&quot;:&quot;&quot;,&quot;right&quot;:&quot;&quot;,&quot;bottom&quot;:&quot;&quot;,&quot;left&quot;:&quot;&quot;,&quot;isLinked&quot;:true},&quot;element_pack_global_tooltip_padding_tablet&quot;:{&quot;unit&quot;:&quot;px&quot;,&quot;top&quot;:&quot;&quot;,&quot;right&quot;:&quot;&quot;,&quot;bottom&quot;:&quot;&quot;,&quot;left&quot;:&quot;&quot;,&quot;isLinked&quot;:true},&quot;element_pack_global_tooltip_padding_mobile&quot;:{&quot;unit&quot;:&quot;px&quot;,&quot;top&quot;:&quot;&quot;,&quot;right&quot;:&quot;&quot;,&quot;bottom&quot;:&quot;&quot;,&quot;left&quot;:&quot;&quot;,&quot;isLinked&quot;:true},&quot;element_pack_global_tooltip_border_radius&quot;:{&quot;unit&quot;:&quot;px&quot;,&quot;top&quot;:&quot;&quot;,&quot;right&quot;:&quot;&quot;,&quot;bottom&quot;:&quot;&quot;,&quot;left&quot;:&quot;&quot;,&quot;isLinked&quot;:true},&quot;element_pack_global_tooltip_border_radius_tablet&quot;:{&quot;unit&quot;:&quot;px&quot;,&quot;top&quot;:&quot;&quot;,&quot;right&quot;:&quot;&quot;,&quot;bottom&quot;:&quot;&quot;,&quot;left&quot;:&quot;&quot;,&quot;isLinked&quot;:true},&quot;element_pack_global_tooltip_border_radius_mobile&quot;:{&quot;unit&quot;:&quot;px&quot;,&quot;top&quot;:&quot;&quot;,&quot;right&quot;:&quot;&quot;,&quot;bottom&quot;:&quot;&quot;,&quot;left&quot;:&quot;&quot;,&quot;isLinked&quot;:true}}\" data-elementor-post-type=\"page\">\n\t\t\t\t<div class=\"elementor-element elementor-element-1657e338 e-flex e-con-boxed e-con e-parent\" data-id=\"1657e338\" data-element_type=\"container\" data-settings=\"{&quot;background_background&quot;:&quot;classic&quot;}\">\n\t\t\t\t\t<div class=\"e-con-inner\">\n\t\t<div class=\"elementor-element elementor-element-1aab1c97 e-con-full e-flex e-con e-child\" data-id=\"1aab1c97\" data-element_type=\"container\">\n\t\t\t\t<div class=\"elementor-element elementor-element-3dd649a5 elementor-invisible elementor-widget elementor-widget-heading\" data-id=\"3dd649a5\" data-element_type=\"widget\" data-settings=\"{&quot;_animation&quot;:&quot;fadeInUp&quot;,&quot;_animation_delay&quot;:200}\" data-widget_type=\"heading.default\">\n\t\t\t\t<div class=\"elementor-widget-container\">\n\t\t\t\t\t<h1 class=\"elementor-heading-title elementor-size-default\">Nosotros<\/h1>\t\t\t\t<\/div>\n\t\t\t\t<\/div>\n\t\t\t\t<\/div>\n\t\t\t\t\t<\/div>\n\t\t\t\t<\/div>\n\t\t<div class=\"elementor-element elementor-element-415e91e7 e-flex e-con-boxed e-con e-parent\" data-id=\"415e91e7\" data-element_type=\"container\">\n\t\t\t\t\t<div class=\"e-con-inner\">\n\t\t<div class=\"elementor-element elementor-element-342acd2d e-con-full e-flex elementor-invisible e-con e-child\" data-id=\"342acd2d\" data-element_type=\"container\" data-settings=\"{&quot;animation&quot;:&quot;fadeInLeft&quot;}\">\n\t\t\t\t<div class=\"elementor-element elementor-element-75e3562c elementor-widget elementor-widget-heading\" data-id=\"75e3562c\" data-element_type=\"widget\" data-widget_type=\"heading.default\">\n\t\t\t\t<div class=\"elementor-widget-container\">\n\t\t\t\t\t<h2 class=\"elementor-heading-title elementor-size-default\">NCSISTELCORP<\/h2>\t\t\t\t<\/div>\n\t\t\t\t<\/div>\n\t\t\t\t<div class=\"elementor-element elementor-element-3e2a00a4 elementor-widget elementor-widget-heading\" data-id=\"3e2a00a4\" data-element_type=\"widget\" data-widget_type=\"heading.default\">\n\t\t\t\t<div class=\"elementor-widget-container\">\n\t\t\t\t\t<div class=\"elementor-heading-title elementor-size-default\">Con m\u00e1s de 20 a\u00f1os de experiencia, nuestra compa\u00f1\u00eda, fundada en la ciudad de Guayaquil, se ha consolidado como l\u00edder en soluciones de seguridad electr\u00f3nica en Ecuador. <br><br>Desde nuestros inicios como asesores especializados para los sectores bancario, corporativo e industrial, hemos evolucionado constantemente para ofrecer las tecnolog\u00edas m\u00e1s avanzadas del mercado. <br><br>Nos dedicamos a proteger tanto al personal como los bienes de nuestros clientes, garantizando su seguridad en todo momento. <br><br>Nuestra pasi\u00f3n por la innovaci\u00f3n y el compromiso con la excelencia nos han posicionado como referentes en el sector, respaldados por d\u00e9cadas de confianza y resultados.\n<\/div>\t\t\t\t<\/div>\n\t\t\t\t<\/div>\n\t\t\t\t<\/div>\n\t\t<div class=\"elementor-element elementor-element-7a572132 e-con-full e-flex elementor-invisible e-con e-child\" data-id=\"7a572132\" data-element_type=\"container\" data-settings=\"{&quot;animation&quot;:&quot;fadeInRight&quot;}\">\n\t\t\t\t<div class=\"elementor-element elementor-element-34d3d2e5 elementor-widget elementor-widget-image\" data-id=\"34d3d2e5\" data-element_type=\"widget\" data-widget_type=\"image.default\">\n\t\t\t\t<div class=\"elementor-widget-container\">\n\t\t\t\t\t\t\t\t\t\t\t\t\t\t\t<img fetchpriority=\"high\" decoding=\"async\" width=\"1959\" height=\"2160\" src=\"https:\/\/ncsistelcorp.com\/wp-content\/uploads\/2025\/01\/ncsist-nosotros.webp\" class=\"attachment-full size-full wp-image-1077\" alt=\"\" srcset=\"https:\/\/ncsistelcorp.com\/wp-content\/uploads\/2025\/01\/ncsist-nosotros.webp 1959w, https:\/\/ncsistelcorp.com\/wp-content\/uploads\/2025\/01\/ncsist-nosotros-272x300.webp 272w, https:\/\/ncsistelcorp.com\/wp-content\/uploads\/2025\/01\/ncsist-nosotros-929x1024.webp 929w, https:\/\/ncsistelcorp.com\/wp-content\/uploads\/2025\/01\/ncsist-nosotros-768x847.webp 768w, https:\/\/ncsistelcorp.com\/wp-content\/uploads\/2025\/01\/ncsist-nosotros-1393x1536.webp 1393w, https:\/\/ncsistelcorp.com\/wp-content\/uploads\/2025\/01\/ncsist-nosotros-1857x2048.webp 1857w\" sizes=\"(max-width: 1959px) 100vw, 1959px\" \/>\t\t\t\t\t\t\t\t\t\t\t\t\t\t\t<\/div>\n\t\t\t\t<\/div>\n\t\t\t\t<\/div>\n\t\t\t\t\t<\/div>\n\t\t\t\t<\/div>\n\t\t<div class=\"elementor-element elementor-element-4742bd96 e-flex e-con-boxed e-con e-parent\" data-id=\"4742bd96\" data-element_type=\"container\" data-settings=\"{&quot;background_background&quot;:&quot;classic&quot;}\">\n\t\t\t\t\t<div class=\"e-con-inner\">\n\t\t<div class=\"elementor-element elementor-element-68088e53 e-con-full e-flex elementor-invisible e-con e-child\" data-id=\"68088e53\" data-element_type=\"container\" data-settings=\"{&quot;background_background&quot;:&quot;classic&quot;,&quot;animation&quot;:&quot;fadeInDown&quot;}\">\n\t\t\t\t<div class=\"elementor-element elementor-element-38f01b19 elementor-view-stacked elementor-shape-square elementor-position-block-start elementor-mobile-position-block-start elementor-widget elementor-widget-icon-box\" data-id=\"38f01b19\" data-element_type=\"widget\" data-widget_type=\"icon-box.default\">\n\t\t\t\t<div class=\"elementor-widget-container\">\n\t\t\t\t\t\t\t<div class=\"elementor-icon-box-wrapper\">\n\n\t\t\t\t\t\t<div class=\"elementor-icon-box-icon\">\n\t\t\t\t<span  class=\"elementor-icon\">\n\t\t\t\t<i aria-hidden=\"true\" class=\"lnr lnr-star\"><\/i>\t\t\t\t<\/span>\n\t\t\t<\/div>\n\t\t\t\n\t\t\t\t\t\t<div class=\"elementor-icon-box-content\">\n\n\t\t\t\t\t\t\t\t\t<div class=\"elementor-icon-box-title\">\n\t\t\t\t\t\t<span  >\n\t\t\t\t\t\t\tExperiencia comprobada\t\t\t\t\t\t<\/span>\n\t\t\t\t\t<\/div>\n\t\t\t\t\n\t\t\t\t\t\t\t\t\t<p class=\"elementor-icon-box-description\">\n\t\t\t\t\t\tContamos con m\u00e1s de 20 a\u00f1os de trayectoria en el sector de la seguridad electr\u00f3nica, lo que nos ha permitido consolidar un profundo conocimiento y ofrecer soluciones adaptadas a las necesidades espec\u00edficas de nuestros clientes.\t\t\t\t\t<\/p>\n\t\t\t\t\n\t\t\t<\/div>\n\t\t\t\n\t\t<\/div>\n\t\t\t\t\t\t<\/div>\n\t\t\t\t<\/div>\n\t\t\t\t<\/div>\n\t\t<div class=\"elementor-element elementor-element-3269df8c e-con-full e-flex elementor-invisible e-con e-child\" data-id=\"3269df8c\" data-element_type=\"container\" data-settings=\"{&quot;background_background&quot;:&quot;classic&quot;,&quot;animation&quot;:&quot;fadeInUp&quot;}\">\n\t\t\t\t<div class=\"elementor-element elementor-element-6c1ceb09 elementor-view-stacked elementor-shape-square elementor-position-block-start elementor-mobile-position-block-start elementor-widget elementor-widget-icon-box\" data-id=\"6c1ceb09\" data-element_type=\"widget\" data-widget_type=\"icon-box.default\">\n\t\t\t\t<div class=\"elementor-widget-container\">\n\t\t\t\t\t\t\t<div class=\"elementor-icon-box-wrapper\">\n\n\t\t\t\t\t\t<div class=\"elementor-icon-box-icon\">\n\t\t\t\t<span  class=\"elementor-icon\">\n\t\t\t\t<i aria-hidden=\"true\" class=\"lnr lnr-database\"><\/i>\t\t\t\t<\/span>\n\t\t\t<\/div>\n\t\t\t\n\t\t\t\t\t\t<div class=\"elementor-icon-box-content\">\n\n\t\t\t\t\t\t\t\t\t<div class=\"elementor-icon-box-title\">\n\t\t\t\t\t\t<span  >\n\t\t\t\t\t\t\tTecnolog\u00eda de vanguardia\t\t\t\t\t\t<\/span>\n\t\t\t\t\t<\/div>\n\t\t\t\t\n\t\t\t\t\t\t\t\t\t<p class=\"elementor-icon-box-description\">\n\t\t\t\t\t\tOfrecemos los sistemas m\u00e1s modernos y avanzados del mercado, integrando tecnolog\u00edas como inteligencia artificial, anal\u00edtica de video y soluciones inal\u00e1mbricas para garantizar m\u00e1xima eficacia y adaptabilidad.\t\t\t\t\t<\/p>\n\t\t\t\t\n\t\t\t<\/div>\n\t\t\t\n\t\t<\/div>\n\t\t\t\t\t\t<\/div>\n\t\t\t\t<\/div>\n\t\t\t\t<\/div>\n\t\t<div class=\"elementor-element elementor-element-757559d4 e-con-full e-flex elementor-invisible e-con e-child\" data-id=\"757559d4\" data-element_type=\"container\" data-settings=\"{&quot;background_background&quot;:&quot;classic&quot;,&quot;animation&quot;:&quot;fadeInDown&quot;,&quot;animation_delay&quot;:200}\">\n\t\t\t\t<div class=\"elementor-element elementor-element-6ffd9e34 elementor-view-stacked elementor-shape-square elementor-position-block-start elementor-mobile-position-block-start elementor-widget elementor-widget-icon-box\" data-id=\"6ffd9e34\" data-element_type=\"widget\" data-widget_type=\"icon-box.default\">\n\t\t\t\t<div class=\"elementor-widget-container\">\n\t\t\t\t\t\t\t<div class=\"elementor-icon-box-wrapper\">\n\n\t\t\t\t\t\t<div class=\"elementor-icon-box-icon\">\n\t\t\t\t<span  class=\"elementor-icon\">\n\t\t\t\t<i aria-hidden=\"true\" class=\"lnr lnr-bubble\"><\/i>\t\t\t\t<\/span>\n\t\t\t<\/div>\n\t\t\t\n\t\t\t\t\t\t<div class=\"elementor-icon-box-content\">\n\n\t\t\t\t\t\t\t\t\t<div class=\"elementor-icon-box-title\">\n\t\t\t\t\t\t<span  >\n\t\t\t\t\t\t\tAtenci\u00f3n personalizada y confiable\t\t\t\t\t\t<\/span>\n\t\t\t\t\t<\/div>\n\t\t\t\t\n\t\t\t\t\t\t\t\t\t<p class=\"elementor-icon-box-description\">\n\t\t\t\t\t\tBrindamos un enfoque consultivo, trabajando estrechamente con nuestros clientes para dise\u00f1ar, implementar y mantener soluciones que realmente protejan al personal y los activos, asegurando resultados excepcionales y confianza a largo plazo.\t\t\t\t\t<\/p>\n\t\t\t\t\n\t\t\t<\/div>\n\t\t\t\n\t\t<\/div>\n\t\t\t\t\t\t<\/div>\n\t\t\t\t<\/div>\n\t\t\t\t<\/div>\n\t\t\t\t\t<\/div>\n\t\t\t\t<\/div>\n\t\t<div class=\"elementor-element elementor-element-449cbfa4 elementor-hidden-desktop elementor-hidden-tablet elementor-hidden-mobile e-flex e-con-boxed e-con e-parent\" data-id=\"449cbfa4\" data-element_type=\"container\" data-settings=\"{&quot;background_background&quot;:&quot;classic&quot;}\">\n\t\t\t\t\t<div class=\"e-con-inner\">\n\t\t<div class=\"elementor-element elementor-element-52759d85 e-flex e-con-boxed e-con e-child\" data-id=\"52759d85\" data-element_type=\"container\">\n\t\t\t\t\t<div class=\"e-con-inner\">\n\t\t\t\t<div class=\"elementor-element elementor-element-69767973 elementor-invisible elementor-widget elementor-widget-heading\" data-id=\"69767973\" data-element_type=\"widget\" data-settings=\"{&quot;_animation&quot;:&quot;fadeInUp&quot;}\" data-widget_type=\"heading.default\">\n\t\t\t\t<div class=\"elementor-widget-container\">\n\t\t\t\t\t<h2 class=\"elementor-heading-title elementor-size-default\">Nuestro Equipo<\/h2>\t\t\t\t<\/div>\n\t\t\t\t<\/div>\n\t\t\t\t\t<\/div>\n\t\t\t\t<\/div>\n\t\t<div class=\"elementor-element elementor-element-2a2ce4da e-con-full e-grid elementor-invisible e-con e-child\" data-id=\"2a2ce4da\" data-element_type=\"container\" data-settings=\"{&quot;animation&quot;:&quot;fadeIn&quot;,&quot;animation_delay&quot;:200}\">\n\t\t<div class=\"elementor-element elementor-element-65818cdd e-con-full e-flex e-con e-child\" data-id=\"65818cdd\" data-element_type=\"container\">\n\t\t\t\t<div class=\"elementor-element elementor-element-5f149594 elementor-widget elementor-widget-image\" data-id=\"5f149594\" data-element_type=\"widget\" data-widget_type=\"image.default\">\n\t\t\t\t<div class=\"elementor-widget-container\">\n\t\t\t\t\t\t\t\t\t\t\t\t\t\t\t<img decoding=\"async\" width=\"1170\" height=\"1256\" src=\"https:\/\/ncsistelcorp.com\/wp-content\/uploads\/2025\/01\/David-Carvajal.webp\" class=\"attachment-full size-full wp-image-943\" alt=\"\" srcset=\"https:\/\/ncsistelcorp.com\/wp-content\/uploads\/2025\/01\/David-Carvajal.webp 1170w, https:\/\/ncsistelcorp.com\/wp-content\/uploads\/2025\/01\/David-Carvajal-279x300.webp 279w, https:\/\/ncsistelcorp.com\/wp-content\/uploads\/2025\/01\/David-Carvajal-954x1024.webp 954w, https:\/\/ncsistelcorp.com\/wp-content\/uploads\/2025\/01\/David-Carvajal-768x824.webp 768w\" sizes=\"(max-width: 1170px) 100vw, 1170px\" \/>\t\t\t\t\t\t\t\t\t\t\t\t\t\t\t<\/div>\n\t\t\t\t<\/div>\n\t\t<div class=\"elementor-element elementor-element-467075c8 e-con-full e-flex e-con e-child\" data-id=\"467075c8\" data-element_type=\"container\" data-settings=\"{&quot;background_background&quot;:&quot;classic&quot;}\">\n\t\t\t\t<div class=\"elementor-element elementor-element-34549802 elementor-widget elementor-widget-icon-box\" data-id=\"34549802\" data-element_type=\"widget\" data-widget_type=\"icon-box.default\">\n\t\t\t\t<div class=\"elementor-widget-container\">\n\t\t\t\t\t\t\t<div class=\"elementor-icon-box-wrapper\">\n\n\t\t\t\n\t\t\t\t\t\t<div class=\"elementor-icon-box-content\">\n\n\t\t\t\t\t\t\t\t\t<div class=\"elementor-icon-box-title\">\n\t\t\t\t\t\t<span  >\n\t\t\t\t\t\t\tDavid Carvajal\t\t\t\t\t\t<\/span>\n\t\t\t\t\t<\/div>\n\t\t\t\t\n\t\t\t\t\t\t\t\t\t<p class=\"elementor-icon-box-description\">\n\t\t\t\t\t\tCIO Technology NCSISTELCORP S.A.\t\t\t\t\t<\/p>\n\t\t\t\t\n\t\t\t<\/div>\n\t\t\t\n\t\t<\/div>\n\t\t\t\t\t\t<\/div>\n\t\t\t\t<\/div>\n\t\t\t\t<\/div>\n\t\t\t\t<\/div>\n\t\t<div class=\"elementor-element elementor-element-46ab0dda e-con-full e-flex e-con e-child\" data-id=\"46ab0dda\" data-element_type=\"container\">\n\t\t\t\t<div class=\"elementor-element elementor-element-7dbf4417 elementor-widget elementor-widget-image\" data-id=\"7dbf4417\" data-element_type=\"widget\" data-widget_type=\"image.default\">\n\t\t\t\t<div class=\"elementor-widget-container\">\n\t\t\t\t\t\t\t\t\t\t\t\t\t\t\t<img decoding=\"async\" width=\"378\" height=\"378\" src=\"https:\/\/ncsistelcorp.com\/wp-content\/uploads\/2024\/12\/3.jpg\" class=\"attachment-full size-full wp-image-241\" alt=\"\" srcset=\"https:\/\/ncsistelcorp.com\/wp-content\/uploads\/2024\/12\/3.jpg 378w, https:\/\/ncsistelcorp.com\/wp-content\/uploads\/2024\/12\/3-300x300.jpg 300w, https:\/\/ncsistelcorp.com\/wp-content\/uploads\/2024\/12\/3-150x150.jpg 150w\" sizes=\"(max-width: 378px) 100vw, 378px\" \/>\t\t\t\t\t\t\t\t\t\t\t\t\t\t\t<\/div>\n\t\t\t\t<\/div>\n\t\t<div class=\"elementor-element elementor-element-3b7abc46 e-con-full e-flex e-con e-child\" data-id=\"3b7abc46\" data-element_type=\"container\" data-settings=\"{&quot;background_background&quot;:&quot;classic&quot;}\">\n\t\t\t\t<div class=\"elementor-element elementor-element-3fc7b829 elementor-widget elementor-widget-icon-box\" data-id=\"3fc7b829\" data-element_type=\"widget\" data-widget_type=\"icon-box.default\">\n\t\t\t\t<div class=\"elementor-widget-container\">\n\t\t\t\t\t\t\t<div class=\"elementor-icon-box-wrapper\">\n\n\t\t\t\n\t\t\t\t\t\t<div class=\"elementor-icon-box-content\">\n\n\t\t\t\t\t\t\t\t\t<div class=\"elementor-icon-box-title\">\n\t\t\t\t\t\t<span  >\n\t\t\t\t\t\t\tXavier Carvajal.\t\t\t\t\t\t<\/span>\n\t\t\t\t\t<\/div>\n\t\t\t\t\n\t\t\t\t\t\t\t\t\t<p class=\"elementor-icon-box-description\">\n\t\t\t\t\t\tDirector de proyectos en NCSISTELCORP S.A.\t\t\t\t\t<\/p>\n\t\t\t\t\n\t\t\t<\/div>\n\t\t\t\n\t\t<\/div>\n\t\t\t\t\t\t<\/div>\n\t\t\t\t<\/div>\n\t\t\t\t<\/div>\n\t\t\t\t<\/div>\n\t\t\t\t<\/div>\n\t\t\t\t\t<\/div>\n\t\t\t\t<\/div>\n\t\t<div class=\"elementor-element elementor-element-1077915f e-flex e-con-boxed e-con e-parent\" data-id=\"1077915f\" data-element_type=\"container\">\n\t\t\t\t\t<div class=\"e-con-inner\">\n\t\t\t\t<div class=\"elementor-element elementor-element-500cfef elementor-widget elementor-widget-heading\" data-id=\"500cfef\" data-element_type=\"widget\" data-widget_type=\"heading.default\">\n\t\t\t\t<div class=\"elementor-widget-container\">\n\t\t\t\t\t<h2 class=\"elementor-heading-title elementor-size-default\">Aliados<\/h2>\t\t\t\t<\/div>\n\t\t\t\t<\/div>\n\t\t<div class=\"elementor-element elementor-element-088289d e-grid e-con-full elementor-invisible e-con e-child\" data-id=\"088289d\" data-element_type=\"container\" data-settings=\"{&quot;animation&quot;:&quot;fadeIn&quot;,&quot;animation_delay&quot;:200}\">\n\t\t\t\t<div class=\"elementor-element elementor-element-a7c1cd3 elementor-widget elementor-widget-image\" data-id=\"a7c1cd3\" data-element_type=\"widget\" data-widget_type=\"image.default\">\n\t\t\t\t<div class=\"elementor-widget-container\">\n\t\t\t\t\t\t\t\t\t\t\t\t\t\t\t<img decoding=\"async\" src=\"https:\/\/ncsistelcorp.com\/wp-content\/uploads\/elementor\/thumbs\/fike-qyeenkatpua3t5c2yio42gm54o31osw33s5ww79m9s.webp\" title=\"fike\" alt=\"fike\" loading=\"lazy\" \/>\t\t\t\t\t\t\t\t\t\t\t\t\t\t\t<\/div>\n\t\t\t\t<\/div>\n\t\t\t\t<div class=\"elementor-element elementor-element-d937a4e elementor-widget elementor-widget-image\" data-id=\"d937a4e\" data-element_type=\"widget\" data-widget_type=\"image.default\">\n\t\t\t\t<div class=\"elementor-widget-container\">\n\t\t\t\t\t\t\t\t\t\t\t\t\t\t\t<img decoding=\"async\" src=\"https:\/\/ncsistelcorp.com\/wp-content\/uploads\/elementor\/thumbs\/Bosch_logo-qyeenvkvzupjogvp4njmwdro9ajg964v5bzqnisw74.png\" title=\"Bosch_logo\" alt=\"Bosch_logo\" loading=\"lazy\" \/>\t\t\t\t\t\t\t\t\t\t\t\t\t\t\t<\/div>\n\t\t\t\t<\/div>\n\t\t\t\t<div class=\"elementor-element elementor-element-06ba48f elementor-widget elementor-widget-image\" data-id=\"06ba48f\" data-element_type=\"widget\" data-widget_type=\"image.default\">\n\t\t\t\t<div class=\"elementor-widget-container\">\n\t\t\t\t\t\t\t\t\t\t\t\t\t\t\t<img decoding=\"async\" src=\"https:\/\/ncsistelcorp.com\/wp-content\/uploads\/elementor\/thumbs\/Dahua_Technology_logo.svg-qyeeow8lee3q99eg6le33minfbirld6eadfodbajgg.png\" title=\"Dahua_Technology_logo.svg\" alt=\"Dahua_Technology_logo.svg\" loading=\"lazy\" \/>\t\t\t\t\t\t\t\t\t\t\t\t\t\t\t<\/div>\n\t\t\t\t<\/div>\n\t\t\t\t<div class=\"elementor-element elementor-element-2eb715e elementor-widget elementor-widget-image\" data-id=\"2eb715e\" data-element_type=\"widget\" data-widget_type=\"image.default\">\n\t\t\t\t<div class=\"elementor-widget-container\">\n\t\t\t\t\t\t\t\t\t\t\t\t\t\t\t<img decoding=\"async\" src=\"https:\/\/ncsistelcorp.com\/wp-content\/uploads\/elementor\/thumbs\/hikvision-logo-qyeepf1d72tgpgn54timhhrvb0y3vb910yhdyuio00.png\" title=\"hikvision-logo\" alt=\"hikvision-logo\" loading=\"lazy\" \/>\t\t\t\t\t\t\t\t\t\t\t\t\t\t\t<\/div>\n\t\t\t\t<\/div>\n\t\t\t\t<div class=\"elementor-element elementor-element-2cfb640 elementor-widget elementor-widget-image\" data-id=\"2cfb640\" data-element_type=\"widget\" data-widget_type=\"image.default\">\n\t\t\t\t<div class=\"elementor-widget-container\">\n\t\t\t\t\t\t\t\t\t\t\t\t\t\t\t<img decoding=\"async\" src=\"https:\/\/ncsistelcorp.com\/wp-content\/uploads\/elementor\/thumbs\/verkada-logo-horiz-black-rgb-1-qyeepwwasxhwu1x78j8jav9mlci2xk7xfevm33s6ps.png\" title=\"verkada-logo-horiz-black-rgb-1\" alt=\"verkada-logo-horiz-black-rgb-1\" loading=\"lazy\" \/>\t\t\t\t\t\t\t\t\t\t\t\t\t\t\t<\/div>\n\t\t\t\t<\/div>\n\t\t\t\t<div class=\"elementor-element elementor-element-65d556c elementor-widget elementor-widget-image\" data-id=\"65d556c\" data-element_type=\"widget\" data-widget_type=\"image.default\">\n\t\t\t\t<div class=\"elementor-widget-container\">\n\t\t\t\t\t\t\t\t\t\t\t\t\t\t\t<img decoding=\"async\" src=\"https:\/\/ncsistelcorp.com\/wp-content\/uploads\/elementor\/thumbs\/securiton-ag-vector-logo-qyeeq6aop9us25jjpnaszsw8j77r2j98spegvve8zk.png\" title=\"securiton-ag-vector-logo\" alt=\"securiton-ag-vector-logo\" loading=\"lazy\" \/>\t\t\t\t\t\t\t\t\t\t\t\t\t\t\t<\/div>\n\t\t\t\t<\/div>\n\t\t\t\t<\/div>\n\t\t\t\t\t<\/div>\n\t\t\t\t<\/div>\n\t\t\t\t<\/div>\n\t\t","protected":false},"excerpt":{"rendered":"<p>NCSISTELCORP Con m\u00e1s de 20 a\u00f1os de experiencia, nuestra compa\u00f1\u00eda, fundada en la ciudad de Guayaquil, se ha consolidado como l\u00edder en soluciones de seguridad electr\u00f3nica en Ecuador. Desde nuestros inicios como asesores especializados para los sectores bancario, corporativo e industrial, hemos evolucionado constantemente para ofrecer las tecnolog\u00edas m\u00e1s avanzadas del mercado. Nos dedicamos a [&hellip;]<\/p>\n","protected":false},"author":1,"featured_media":0,"parent":0,"menu_order":0,"comment_status":"closed","ping_status":"closed","template":"","meta":{"_joinchat":[],"footnotes":""},"class_list":["post-235","page","type-page","status-publish","hentry"],"_links":{"self":[{"href":"https:\/\/ncsistelcorp.com\/index.php?rest_route=\/wp\/v2\/pages\/235","targetHints":{"allow":["GET"]}}],"collection":[{"href":"https:\/\/ncsistelcorp.com\/index.php?rest_route=\/wp\/v2\/pages"}],"about":[{"href":"https:\/\/ncsistelcorp.com\/index.php?rest_route=\/wp\/v2\/types\/page"}],"author":[{"embeddable":true,"href":"https:\/\/ncsistelcorp.com\/index.php?rest_route=\/wp\/v2\/users\/1"}],"replies":[{"embeddable":true,"href":"https:\/\/ncsistelcorp.com\/index.php?rest_route=%2Fwp%2Fv2%2Fcomments&post=235"}],"version-history":[{"count":68,"href":"https:\/\/ncsistelcorp.com\/index.php?rest_route=\/wp\/v2\/pages\/235\/revisions"}],"predecessor-version":[{"id":1081,"href":"https:\/\/ncsistelcorp.com\/index.php?rest_route=\/wp\/v2\/pages\/235\/revisions\/1081"}],"wp:attachment":[{"href":"https:\/\/ncsistelcorp.com\/index.php?rest_route=%2Fwp%2Fv2%2Fmedia&parent=235"}],"curies":[{"name":"wp","href":"https:\/\/api.w.org\/{rel}","templated":true}]}}