{"id":657,"date":"2025-01-20T00:15:36","date_gmt":"2025-01-19T23:15:36","guid":{"rendered":"https:\/\/ncsistelcorp.com\/?page_id=657"},"modified":"2025-01-30T20:22:51","modified_gmt":"2025-01-30T19:22:51","slug":"garantia","status":"publish","type":"page","link":"https:\/\/ncsistelcorp.com\/?page_id=657","title":{"rendered":"Garant\u00eda"},"content":{"rendered":"\t\t<div data-elementor-type=\"wp-page\" data-elementor-id=\"657\" class=\"elementor elementor-657\" data-elementor-settings=\"{&quot;element_pack_global_tooltip_width&quot;:{&quot;unit&quot;:&quot;px&quot;,&quot;size&quot;:&quot;&quot;,&quot;sizes&quot;:[]},&quot;element_pack_global_tooltip_width_tablet&quot;:{&quot;unit&quot;:&quot;px&quot;,&quot;size&quot;:&quot;&quot;,&quot;sizes&quot;:[]},&quot;element_pack_global_tooltip_width_mobile&quot;:{&quot;unit&quot;:&quot;px&quot;,&quot;size&quot;:&quot;&quot;,&quot;sizes&quot;:[]},&quot;element_pack_global_tooltip_padding&quot;:{&quot;unit&quot;:&quot;px&quot;,&quot;top&quot;:&quot;&quot;,&quot;right&quot;:&quot;&quot;,&quot;bottom&quot;:&quot;&quot;,&quot;left&quot;:&quot;&quot;,&quot;isLinked&quot;:true},&quot;element_pack_global_tooltip_padding_tablet&quot;:{&quot;unit&quot;:&quot;px&quot;,&quot;top&quot;:&quot;&quot;,&quot;right&quot;:&quot;&quot;,&quot;bottom&quot;:&quot;&quot;,&quot;left&quot;:&quot;&quot;,&quot;isLinked&quot;:true},&quot;element_pack_global_tooltip_padding_mobile&quot;:{&quot;unit&quot;:&quot;px&quot;,&quot;top&quot;:&quot;&quot;,&quot;right&quot;:&quot;&quot;,&quot;bottom&quot;:&quot;&quot;,&quot;left&quot;:&quot;&quot;,&quot;isLinked&quot;:true},&quot;element_pack_global_tooltip_border_radius&quot;:{&quot;unit&quot;:&quot;px&quot;,&quot;top&quot;:&quot;&quot;,&quot;right&quot;:&quot;&quot;,&quot;bottom&quot;:&quot;&quot;,&quot;left&quot;:&quot;&quot;,&quot;isLinked&quot;:true},&quot;element_pack_global_tooltip_border_radius_tablet&quot;:{&quot;unit&quot;:&quot;px&quot;,&quot;top&quot;:&quot;&quot;,&quot;right&quot;:&quot;&quot;,&quot;bottom&quot;:&quot;&quot;,&quot;left&quot;:&quot;&quot;,&quot;isLinked&quot;:true},&quot;element_pack_global_tooltip_border_radius_mobile&quot;:{&quot;unit&quot;:&quot;px&quot;,&quot;top&quot;:&quot;&quot;,&quot;right&quot;:&quot;&quot;,&quot;bottom&quot;:&quot;&quot;,&quot;left&quot;:&quot;&quot;,&quot;isLinked&quot;:true}}\" data-elementor-post-type=\"page\">\n\t\t\t\t<div class=\"elementor-element elementor-element-2c5faf8a e-flex e-con-boxed e-con e-parent\" data-id=\"2c5faf8a\" data-element_type=\"container\" data-settings=\"{&quot;background_background&quot;:&quot;classic&quot;}\">\n\t\t\t\t\t<div class=\"e-con-inner\">\n\t\t<div class=\"elementor-element elementor-element-6baebf6b e-con-full e-flex e-con e-child\" data-id=\"6baebf6b\" data-element_type=\"container\">\n\t\t\t\t<div class=\"elementor-element elementor-element-52f44958 elementor-invisible elementor-widget elementor-widget-heading\" data-id=\"52f44958\" data-element_type=\"widget\" data-settings=\"{&quot;_animation&quot;:&quot;fadeInUp&quot;,&quot;_animation_delay&quot;:200}\" data-widget_type=\"heading.default\">\n\t\t\t\t<div class=\"elementor-widget-container\">\n\t\t\t\t\t<h1 class=\"elementor-heading-title elementor-size-default\">Garant\u00eda<\/h1>\t\t\t\t<\/div>\n\t\t\t\t<\/div>\n\t\t\t\t<\/div>\n\t\t\t\t\t<\/div>\n\t\t\t\t<\/div>\n\t\t<div class=\"elementor-element elementor-element-3ecaeed e-flex e-con-boxed e-con e-parent\" data-id=\"3ecaeed\" data-element_type=\"container\">\n\t\t\t\t\t<div class=\"e-con-inner\">\n\t\t<div class=\"elementor-element elementor-element-721e683f e-con-full e-flex e-con e-child\" data-id=\"721e683f\" data-element_type=\"container\">\n\t\t\t\t<div class=\"elementor-element elementor-element-2c2d9c0b elementor-invisible elementor-widget elementor-widget-image\" data-id=\"2c2d9c0b\" data-element_type=\"widget\" data-settings=\"{&quot;_animation&quot;:&quot;fadeInUp&quot;}\" data-widget_type=\"image.default\">\n\t\t\t\t<div class=\"elementor-widget-container\">\n\t\t\t\t\t\t\t\t\t\t\t\t\t\t\t<img fetchpriority=\"high\" decoding=\"async\" width=\"1920\" height=\"1080\" src=\"https:\/\/ncsistelcorp.com\/wp-content\/uploads\/2025\/01\/PXL_20210302_172330278.webp\" class=\"attachment-full size-full wp-image-1049\" alt=\"\" srcset=\"https:\/\/ncsistelcorp.com\/wp-content\/uploads\/2025\/01\/PXL_20210302_172330278.webp 1920w, https:\/\/ncsistelcorp.com\/wp-content\/uploads\/2025\/01\/PXL_20210302_172330278-300x169.webp 300w, https:\/\/ncsistelcorp.com\/wp-content\/uploads\/2025\/01\/PXL_20210302_172330278-1024x576.webp 1024w, https:\/\/ncsistelcorp.com\/wp-content\/uploads\/2025\/01\/PXL_20210302_172330278-768x432.webp 768w, https:\/\/ncsistelcorp.com\/wp-content\/uploads\/2025\/01\/PXL_20210302_172330278-1536x864.webp 1536w\" sizes=\"(max-width: 1920px) 100vw, 1920px\" \/>\t\t\t\t\t\t\t\t\t\t\t\t\t\t\t<\/div>\n\t\t\t\t<\/div>\n\t\t\t\t<\/div>\n\t\t<div class=\"elementor-element elementor-element-52906da0 e-con-full e-flex elementor-invisible e-con e-child\" data-id=\"52906da0\" data-element_type=\"container\" data-settings=\"{&quot;animation&quot;:&quot;fadeInRight&quot;}\">\n\t\t\t\t<div class=\"elementor-element elementor-element-3a0f7dc9 elementor-widget elementor-widget-heading\" data-id=\"3a0f7dc9\" data-element_type=\"widget\" data-widget_type=\"heading.default\">\n\t\t\t\t<div class=\"elementor-widget-container\">\n\t\t\t\t\t<h2 class=\"elementor-heading-title elementor-size-default\">Garant\u00eda<\/h2>\t\t\t\t<\/div>\n\t\t\t\t<\/div>\n\t\t\t\t<div class=\"elementor-element elementor-element-656bde85 elementor-widget elementor-widget-heading\" data-id=\"656bde85\" data-element_type=\"widget\" data-widget_type=\"heading.default\">\n\t\t\t\t<div class=\"elementor-widget-container\">\n\t\t\t\t\t<div class=\"elementor-heading-title elementor-size-default\">En <b>NCSISTELCORP<\/b>, garantizamos la calidad de nuestras instalaciones y equipos, respaldando cada proyecto con un per\u00edodo de garant\u00eda de 12 meses que cubre defectos t\u00e9cnicos o de instalaci\u00f3n. Todos los equipos utilizados cuentan con la garant\u00eda oficial del fabricante, mientras que nuestra instalaci\u00f3n est\u00e1 protegida durante este per\u00edodo desde la fecha de entrega. Esta garant\u00eda no aplica a da\u00f1os ocasionados por mal uso, intervenciones no autorizadas o factores externos como desastres naturales. Nuestro compromiso es resolver cualquier inconveniente cubierto por la garant\u00eda de manera r\u00e1pida y eficiente, asegurando el correcto funcionamiento de tus sistemas.<\/div>\t\t\t\t<\/div>\n\t\t\t\t<\/div>\n\t\t\t\t<\/div>\n\t\t\t\t\t<\/div>\n\t\t\t\t<\/div>\n\t\t\t\t<\/div>\n\t\t","protected":false},"excerpt":{"rendered":"<p>Garant\u00eda En NCSISTELCORP, garantizamos la calidad de nuestras instalaciones y equipos, respaldando cada proyecto con un per\u00edodo de garant\u00eda de 12 meses que cubre defectos t\u00e9cnicos o de instalaci\u00f3n. Todos los equipos utilizados cuentan con la garant\u00eda oficial del fabricante, mientras que nuestra instalaci\u00f3n est\u00e1 protegida durante este per\u00edodo desde la fecha de entrega. Esta [&hellip;]<\/p>\n","protected":false},"author":1,"featured_media":0,"parent":0,"menu_order":0,"comment_status":"closed","ping_status":"closed","template":"","meta":{"_joinchat":[],"footnotes":""},"class_list":["post-657","page","type-page","status-publish","hentry"],"_links":{"self":[{"href":"https:\/\/ncsistelcorp.com\/index.php?rest_route=\/wp\/v2\/pages\/657","targetHints":{"allow":["GET"]}}],"collection":[{"href":"https:\/\/ncsistelcorp.com\/index.php?rest_route=\/wp\/v2\/pages"}],"about":[{"href":"https:\/\/ncsistelcorp.com\/index.php?rest_route=\/wp\/v2\/types\/page"}],"author":[{"embeddable":true,"href":"https:\/\/ncsistelcorp.com\/index.php?rest_route=\/wp\/v2\/users\/1"}],"replies":[{"embeddable":true,"href":"https:\/\/ncsistelcorp.com\/index.php?rest_route=%2Fwp%2Fv2%2Fcomments&post=657"}],"version-history":[{"count":25,"href":"https:\/\/ncsistelcorp.com\/index.php?rest_route=\/wp\/v2\/pages\/657\/revisions"}],"predecessor-version":[{"id":1099,"href":"https:\/\/ncsistelcorp.com\/index.php?rest_route=\/wp\/v2\/pages\/657\/revisions\/1099"}],"wp:attachment":[{"href":"https:\/\/ncsistelcorp.com\/index.php?rest_route=%2Fwp%2Fv2%2Fmedia&parent=657"}],"curies":[{"name":"wp","href":"https:\/\/api.w.org\/{rel}","templated":true}]}}